{"id":250,"date":"2024-09-09T07:32:06","date_gmt":"2024-09-09T07:32:06","guid":{"rendered":"https:\/\/mariocroci.sviluppokeyweb.com\/contatti\/"},"modified":"2024-09-16T05:57:33","modified_gmt":"2024-09-16T05:57:33","slug":"contacto","status":"publish","type":"page","link":"https:\/\/www.crocimario.com\/es\/contacto\/","title":{"rendered":"Contacto"},"content":{"rendered":"<p>[et_pb_section fb_built=\u00bb1&#8243; custom_padding_last_edited=\u00bbon|desktop\u00bb _builder_version=\u00bb4.21.0&#8243; _module_preset=\u00bbdefault\u00bb background_color=\u00bbrgba(0,0,0,0.4)\u00bb background_image=\u00bbhttps:\/\/www.crocimario.com\/wp-content\/uploads\/2024\/09\/slide-alto.jpg\u00bb background_blend=\u00bbmultiply\u00bb custom_padding=\u00bb50px||50px||false|false\u00bb custom_padding_tablet=\u00bb50px||50px||true|false\u00bb custom_padding_phone=\u00bb30px||30px||true|false\u00bb global_module=\u00bb156&#8243; saved_tabs=\u00bball\u00bb global_colors_info=\u00bb{}\u00bb][et_pb_row _builder_version=\u00bb4.21.0&#8243; _module_preset=\u00bbdefault\u00bb max_width=\u00bb1400px\u00bb custom_padding=\u00bb0px||0px||true|false\u00bb global_colors_info=\u00bb{}\u00bb][et_pb_column type=\u00bb4_4&#8243; _builder_version=\u00bb4.21.0&#8243; _module_preset=\u00bbdefault\u00bb global_colors_info=\u00bb{}\u00bb][et_pb_text _builder_version=\u00bb4.21.0&#8243; _dynamic_attributes=\u00bbcontent\u00bb _module_preset=\u00bbdefault\u00bb text_font=\u00bb|700||on|||||\u00bb text_text_color=\u00bb#FFFFFF\u00bb text_font_size=\u00bb50px\u00bb text_line_height=\u00bb1em\u00bb text_orientation=\u00bbcenter\u00bb custom_margin=\u00bb||0px||false|false\u00bb custom_padding=\u00bb||0px||false|false\u00bb text_font_size_tablet=\u00bb35px\u00bb text_font_size_phone=\u00bb30px\u00bb text_font_size_last_edited=\u00bbon|phone\u00bb global_colors_info=\u00bb{}\u00bb]@ET-DC@eyJkeW5hbWljIjp0cnVlLCJjb250ZW50IjoicG9zdF90aXRsZSIsInNldHRpbmdzIjp7ImJlZm9yZSI6IiIsImFmdGVyIjoiIn19@[\/et_pb_text][dipi_breadcrumbs bc_items_alignment=\u00bbdipi-bc-center\u00bb bc_separator_size=\u00bb10px\u00bb bc_separator_color=\u00bb#FFFFFF\u00bb _builder_version=\u00bb4.21.0&#8243; _module_preset=\u00bbdefault\u00bb items_font=\u00bb|800|||||||\u00bb items_text_color=\u00bb#FFFFFF\u00bb items_font_size=\u00bb15px\u00bb hover_font=\u00bb|700|||||||\u00bb hover_font_size=\u00bb15px\u00bb active_font=\u00bb|700|||||||\u00bb active_font_size=\u00bb15px\u00bb items_font_size_tablet=\u00bb13px\u00bb items_font_size_phone=\u00bb11px\u00bb items_font_size_last_edited=\u00bbon|phone\u00bb hover_font_size_tablet=\u00bb13px\u00bb hover_font_size_phone=\u00bb11px\u00bb hover_font_size_last_edited=\u00bbon|phone\u00bb active_font_size_tablet=\u00bb13px\u00bb active_font_size_phone=\u00bb11px\u00bb active_font_size_last_edited=\u00bbon|phone\u00bb global_colors_info=\u00bb{}\u00bb][\/dipi_breadcrumbs][\/et_pb_column][\/et_pb_row][\/et_pb_section][et_pb_section fb_built=\u00bb1&#8243; _builder_version=\u00bb4.21.0&#8243; _module_preset=\u00bbdefault\u00bb global_colors_info=\u00bb{}\u00bb][et_pb_row column_structure=\u00bb1_2,1_2&#8243; _builder_version=\u00bb4.21.0&#8243; _module_preset=\u00bbdefault\u00bb background_enable_color=\u00bboff\u00bb max_width=\u00bb1450px\u00bb custom_padding=\u00bb||||true|true\u00bb border_radii=\u00bbon|10px|10px|10px|10px\u00bb saved_tabs=\u00bball\u00bb global_colors_info=\u00bb{%22gcid-0b6531d5-73df-41fb-bbcd-277460bfd5fc%22:%91%22background_color%22%93}\u00bb][et_pb_column type=\u00bb1_2&#8243; _builder_version=\u00bb4.21.0&#8243; _module_preset=\u00bbdefault\u00bb global_colors_info=\u00bb{}\u00bb][et_pb_text _builder_version=\u00bb4.21.0&#8243; _dynamic_attributes=\u00bbcontent\u00bb _module_preset=\u00bbdefault\u00bb text_font=\u00bb|700||on|||||\u00bb text_text_color=\u00bbgcid-0c0640f2-90b5-476a-b8db-66653fa6bc87&#8243; text_font_size=\u00bb15px\u00bb custom_margin=\u00bb||0px||false|false\u00bb custom_padding=\u00bb||10px||false|false\u00bb text_font_size_tablet=\u00bb14px\u00bb text_font_size_phone=\u00bb14px\u00bb text_font_size_last_edited=\u00bbon|phone\u00bb text_orientation_tablet=\u00bbcenter\u00bb text_orientation_phone=\u00bbcenter\u00bb text_orientation_last_edited=\u00bbon|tablet\u00bb global_colors_info=\u00bb{%22gcid-0c0640f2-90b5-476a-b8db-66653fa6bc87%22:%91%22text_text_color%22%93}\u00bb]@ET-DC@eyJkeW5hbWljIjp0cnVlLCJjb250ZW50IjoicG9zdF90aXRsZSIsInNldHRpbmdzIjp7ImJlZm9yZSI6IiIsImFmdGVyIjoiIn19@[\/et_pb_text][et_pb_text _builder_version=\u00bb4.21.0&#8243; _module_preset=\u00bbdefault\u00bb header_2_font=\u00bb|||on|||||\u00bb header_2_text_align=\u00bbleft\u00bb header_2_font_size=\u00bb40px\u00bb header_2_text_align_tablet=\u00bbcenter\u00bb header_2_text_align_phone=\u00bbcenter\u00bb header_2_text_align_last_edited=\u00bbon|tablet\u00bb header_2_font_size_tablet=\u00bb35px\u00bb header_2_font_size_phone=\u00bb30px\u00bb header_2_font_size_last_edited=\u00bbon|phone\u00bb global_colors_info=\u00bb{}\u00bb]<\/p>\n<h2>Solicite presupuesto ahora!<\/h2>\n<p>[\/et_pb_text][et_pb_blurb title=\u00bbSede central\u00bb use_icon=\u00bbon\u00bb font_icon=\u00bb&#xf5a0;||fa||900&#8243; icon_color=\u00bbgcid-0c0640f2-90b5-476a-b8db-66653fa6bc87&#8243; icon_placement=\u00bbleft\u00bb image_icon_width=\u00bb35px\u00bb content_max_width=\u00bb770px\u00bb icon_placement_tablet=\u00bbtop\u00bb icon_placement_phone=\u00bbtop\u00bb icon_placement_last_edited=\u00bbon|tablet\u00bb image_icon_width_tablet=\u00bb40px\u00bb image_icon_width_phone=\u00bb40px\u00bb image_icon_width_last_edited=\u00bbon|tablet\u00bb _builder_version=\u00bb4.21.0&#8243; header_font=\u00bb|600|||||||\u00bb header_text_color=\u00bbgcid-0c0640f2-90b5-476a-b8db-66653fa6bc87&#8243; header_font_size=\u00bb16&#8243; body_font=\u00bb|500|||||||\u00bb body_text_color=\u00bbgcid-48e98a1a-d19a-432d-a416-62797b7ce04b\u00bb custom_margin=\u00bb||0px|-3px|false|false\u00bb custom_margin_tablet=\u00bb|||-3px|false|false\u00bb custom_margin_phone=\u00bb|||-3px|false|false\u00bb custom_margin_last_edited=\u00bbon|desktop\u00bb custom_padding=\u00bb0px||30px||false|false\u00bb custom_padding_tablet=\u00bb0px||||false|false\u00bb custom_padding_phone=\u00bb0px|||5px|false|false\u00bb custom_padding_last_edited=\u00bbon|tablet\u00bb text_orientation_tablet=\u00bbcenter\u00bb text_orientation_phone=\u00bbcenter\u00bb text_orientation_last_edited=\u00bbon|tablet\u00bb custom_css_blurb_title=\u00bbpadding-bottom: 0;||padding-top: 5px;\u00bb global_colors_info=\u00bb{%22gcid-0c0640f2-90b5-476a-b8db-66653fa6bc87%22:%91%22icon_color%22,%22header_text_color%22%93,%22gcid-48e98a1a-d19a-432d-a416-62797b7ce04b%22:%91%22body_text_color%22%93}\u00bb]<\/p>\n<p class=\"p1\"><span>Via F. Baracca, 12\/19 \u2013 21046 Malnate (VA)<\/span><\/p>\n<p>[\/et_pb_blurb][et_pb_blurb title=\u00bb\t Tel\u00e9fono\u00bb url=\u00bbtel:+390332425279&#8243; use_icon=\u00bbon\u00bb font_icon=\u00bb&#xf879;||fa||900&#8243; icon_color=\u00bbgcid-0c0640f2-90b5-476a-b8db-66653fa6bc87&#8243; icon_placement=\u00bbleft\u00bb image_icon_width=\u00bb35px\u00bb content_max_width=\u00bb770px\u00bb icon_placement_tablet=\u00bbtop\u00bb icon_placement_phone=\u00bbtop\u00bb icon_placement_last_edited=\u00bbon|tablet\u00bb image_icon_width_tablet=\u00bb40px\u00bb image_icon_width_phone=\u00bb40px\u00bb image_icon_width_last_edited=\u00bbon|tablet\u00bb _builder_version=\u00bb4.21.0&#8243; header_font=\u00bb|600|||||||\u00bb header_text_color=\u00bbgcid-0c0640f2-90b5-476a-b8db-66653fa6bc87&#8243; header_font_size=\u00bb16&#8243; body_font=\u00bb|500|||||||\u00bb body_link_text_color=\u00bbgcid-48e98a1a-d19a-432d-a416-62797b7ce04b\u00bb custom_margin=\u00bb||0px|1px|false|false\u00bb custom_margin_tablet=\u00bb|||1px|false|false\u00bb custom_margin_phone=\u00bb|||1px|false|false\u00bb custom_margin_last_edited=\u00bbon|desktop\u00bb custom_padding=\u00bb||30px||false|false\u00bb custom_padding_tablet=\u00bb\u00bb custom_padding_phone=\u00bb|||5px|false|false\u00bb custom_padding_last_edited=\u00bbon|phone\u00bb text_orientation_tablet=\u00bbcenter\u00bb text_orientation_phone=\u00bbcenter\u00bb text_orientation_last_edited=\u00bbon|tablet\u00bb custom_css_blurb_title=\u00bbpadding-bottom: 0;||padding-top: 5px;\u00bb global_colors_info=\u00bb{%22gcid-4e021fae-b7bb-4576-b612-bf10fe129883%22:%91%22body_text_color%22%93,%22gcid-0c0640f2-90b5-476a-b8db-66653fa6bc87%22:%91%22icon_color%22,%22header_text_color%22%93,%22gcid-48e98a1a-d19a-432d-a416-62797b7ce04b%22:%91%22body_link_text_color%22%93}\u00bb]<\/p>\n<p class=\"p1\"><a href=\"tel:+390332425279\">+39 0332 425279<\/a><\/p>\n<p>[\/et_pb_blurb][et_pb_blurb title=\u00bbE-mail\u00bb url=\u00bbmailto:info@crocimario.com\u00bb use_icon=\u00bbon\u00bb font_icon=\u00bb&#xe076;||divi||400&#8243; icon_color=\u00bbgcid-0c0640f2-90b5-476a-b8db-66653fa6bc87&#8243; icon_placement=\u00bbleft\u00bb image_icon_width=\u00bb35px\u00bb content_max_width=\u00bb770px\u00bb icon_placement_tablet=\u00bbtop\u00bb icon_placement_phone=\u00bbtop\u00bb icon_placement_last_edited=\u00bbon|tablet\u00bb image_icon_width_tablet=\u00bb40px\u00bb image_icon_width_phone=\u00bb40px\u00bb image_icon_width_last_edited=\u00bbon|tablet\u00bb _builder_version=\u00bb4.27.0&#8243; header_font=\u00bb|600|||||||\u00bb header_text_color=\u00bbgcid-0c0640f2-90b5-476a-b8db-66653fa6bc87&#8243; header_font_size=\u00bb16&#8243; body_font=\u00bb|500|||||||\u00bb body_text_color=\u00bbgcid-4e021fae-b7bb-4576-b612-bf10fe129883&#8243; body_link_text_color=\u00bb#242424&#8243; custom_margin=\u00bb||0px|-2px|false|false\u00bb custom_margin_tablet=\u00bb|||-2px|false|false\u00bb custom_margin_phone=\u00bb|||-2px|false|false\u00bb custom_margin_last_edited=\u00bbon|desktop\u00bb custom_padding=\u00bb||15px||false|false\u00bb custom_padding_tablet=\u00bb\u00bb custom_padding_phone=\u00bb|||5px|false|false\u00bb custom_padding_last_edited=\u00bbon|phone\u00bb hover_enabled=\u00bb0&#8243; text_orientation_tablet=\u00bbcenter\u00bb text_orientation_phone=\u00bbcenter\u00bb text_orientation_last_edited=\u00bbon|tablet\u00bb custom_css_blurb_title=\u00bbpadding-bottom: 0;||padding-top: 5px;\u00bb global_colors_info=\u00bb{%22gcid-4e021fae-b7bb-4576-b612-bf10fe129883%22:%91%22body_text_color%22%93,%22gcid-0c0640f2-90b5-476a-b8db-66653fa6bc87%22:%91%22header_text_color%22,%22icon_color%22%93}\u00bb sticky_enabled=\u00bb0&#8243;]<\/p>\n<p class=\"p1\"><a href=\"mailto:info@crocimario.com\">info@crocimario.com<\/a><\/p>\n<p>[\/et_pb_blurb][\/et_pb_column][et_pb_column type=\u00bb1_2&#8243; _builder_version=\u00bb4.21.0&#8243; _module_preset=\u00bbdefault\u00bb global_colors_info=\u00bb{}\u00bb][dsm_contact_form_7 cf7_library=\u00bb9&#8243; label_bottom_spacing=\u00bb0px\u00bb input_background_color=\u00bbRGBA(255,255,255,0)\u00bb validation_success_background_color=\u00bbRGBA(255,255,255,0)\u00bb _builder_version=\u00bb4.21.0&#8243; _module_preset=\u00bbdefault\u00bb labels_font=\u00bb|600|||||||\u00bb labels_text_align=\u00bbleft\u00bb labels_font_size=\u00bb13px\u00bb input_textarea_select_font_size=\u00bb13px\u00bb placeholder_font=\u00bb|700|||||||\u00bb placeholder_font_size=\u00bb13px\u00bb error_msg_text_color=\u00bb#E02B20&#8243; error_validation_text_color=\u00bb#E09900&#8243; success_validation_text_color=\u00bb#7CDA24&#8243; custom_button_one=\u00bbon\u00bb button_one_text_size=\u00bb17px\u00bb button_one_text_color=\u00bb#FFFFFF\u00bb button_one_bg_color=\u00bbgcid-48e98a1a-d19a-432d-a416-62797b7ce04b\u00bb button_one_border_color=\u00bbRGBA(255,255,255,0)\u00bb button_one_border_radius=\u00bb0px\u00bb button_one_font=\u00bb|600|||||||\u00bb custom_padding=\u00bb|||0px|false|false\u00bb border_radii_image=\u00bbon|5px|5px|5px|5px\u00bb border_width_all_image=\u00bb2px\u00bb border_color_all_image=\u00bbgcid-0c0640f2-90b5-476a-b8db-66653fa6bc87&#8243; border_width_all_validation_success=\u00bb0px\u00bb global_colors_info=\u00bb{%22gcid-bbf572a4-52df-4866-b771-486acd88b0f1%22:%91%22input_background_color%22%93,%22gcid-0c0640f2-90b5-476a-b8db-66653fa6bc87%22:%91%22border_color_all_image%22%93,%22gcid-48e98a1a-d19a-432d-a416-62797b7ce04b%22:%91%22button_one_bg_color%22%93}\u00bb][\/dsm_contact_form_7][\/et_pb_column][\/et_pb_row][\/et_pb_section][et_pb_section fb_built=\u00bb1&#8243; fullwidth=\u00bbon\u00bb _builder_version=\u00bb4.21.0&#8243; _module_preset=\u00bbdefault\u00bb global_colors_info=\u00bb{}\u00bb][et_pb_fullwidth_code _builder_version=\u00bb4.21.0&#8243; _module_preset=\u00bbdefault\u00bb global_colors_info=\u00bb{}\u00bb]<iframe src=\"https:\/\/www.google.com\/maps\/embed?pb=!1m14!1m8!1m3!1d44510.78264005108!2d8.8859199!3d45.792752!3m2!1i1024!2i768!4f13.1!3m3!1m2!1s0x47868131521d6881%3A0x8ff2254059c1268c!2sCroci%20Mario%20e%20Figli%20Srl!5e0!3m2!1sit!2sit!4v1725892553843!5m2!1sit!2sit\" width=\"100%\" height=\"400\" style=\"border:0;\" allowfullscreen=\"\" loading=\"lazy\" referrerpolicy=\"no-referrer-when-downgrade\"><\/iframe>[\/et_pb_fullwidth_code][\/et_pb_section]<\/p>\n","protected":false},"excerpt":{"rendered":"<p><div class=\"et_pb_module dipi_breadcrumbs dipi_breadcrumbs_0\">\n\t\t\t\t\n\t\t\t\t\n\t\t\t\t\n\t\t\t\t\n\t\t\t\t\n\t\t\t\t\n\t\t\t\t<div class=\"et_pb_module_inner\">\n\t\t\t\t\t<div class=\"dipi-breadcrumbs dipi-bc-center\">\n                <ul >\n                    \n                                                        <li  class=\"dipi-breadcrumb-item dipi-breadcrumb-home\">\n\n                                                    <a  href=\"https:\/\/www.crocimario.com\/es\/\">\n                                <span  content=\"Home\">\n                                                                        Croci Mario                                <\/span>\n                            <\/a>\n\n                                                <meta itemprop=\"position\" content=\"1\"\/>                    <\/li>\n\n                    <li class=\"dipi-breadcrumb-separator\">\n                    <span class=\"et-pb-icon dipi-separator-icon\">$<\/span>\n                <\/li>                            \n                <\/ul>\n            <\/div>\n\t\t\t\t<\/div>\n\t\t\t<\/div>Solicite presupuesto ahora!Via F. Baracca, 12\/19 \u2013 21046 Malnate (VA)+39 0332 425279info@crocimario.com<div class=\"et_pb_module dsm_contact_form_7 dsm_contact_form_7_0\">\n\t\t\t\t\n\t\t\t\t\n\t\t\t\t\n\t\t\t\t\n\t\t\t\t\n\t\t\t\t\n\t\t\t\t<div class=\"et_pb_module_inner\">\n\t\t\t\t\t<div class=\"\">\n\t\t\t\t<p class=\"wpcf7-contact-form-not-found\"><strong>Error:<\/strong> Formulario de contacto no encontrado.<\/p>\n\t\t\t<\/div>\n\t\t\t\t<\/div>\n\t\t\t<\/div><\/p>\n","protected":false},"author":1,"featured_media":0,"parent":0,"menu_order":0,"comment_status":"closed","ping_status":"closed","template":"","meta":{"_et_pb_use_builder":"on","_et_pb_old_content":"","_et_gb_content_width":"","footnotes":""},"dipi_cpt_category":[],"class_list":["post-250","page","type-page","status-publish","hentry"],"yoast_head":"<!-- This site is optimized with the Yoast SEO plugin v23.4 - https:\/\/yoast.com\/wordpress\/plugins\/seo\/ -->\n<title>Contacto - Croci Mario<\/title>\n<meta name=\"description\" content=\"\u00bfBuscas m\u00e1quinas para la producci\u00f3n de prefabricados de hormig\u00f3n, mezcladoras y centrales de producci\u00f3n de hormig\u00f3n? \u00a1Contacta con nosotros y solicita presupuesto!\" \/>\n<meta name=\"robots\" content=\"index, follow, max-snippet:-1, max-image-preview:large, max-video-preview:-1\" \/>\n<link rel=\"canonical\" href=\"https:\/\/www.crocimario.com\/es\/contacto\/\" \/>\n<meta property=\"og:locale\" content=\"es_ES\" \/>\n<meta property=\"og:type\" content=\"article\" \/>\n<meta property=\"og:title\" content=\"Contacto - Croci Mario\" \/>\n<meta property=\"og:description\" content=\"\u00bfBuscas m\u00e1quinas para la producci\u00f3n de prefabricados de hormig\u00f3n, mezcladoras y centrales de producci\u00f3n de hormig\u00f3n? \u00a1Contacta con nosotros y solicita presupuesto!\" \/>\n<meta property=\"og:url\" content=\"https:\/\/www.crocimario.com\/es\/contacto\/\" \/>\n<meta property=\"og:site_name\" content=\"Croci Mario\" \/>\n<meta property=\"article:modified_time\" content=\"2024-09-16T05:57:33+00:00\" \/>\n<meta name=\"twitter:card\" content=\"summary_large_image\" \/>\n<meta name=\"twitter:label1\" content=\"Tiempo de lectura\" \/>\n\t<meta name=\"twitter:data1\" content=\"1 minuto\" \/>\n<script type=\"application\/ld+json\" class=\"yoast-schema-graph\">{\"@context\":\"https:\/\/schema.org\",\"@graph\":[{\"@type\":\"WebPage\",\"@id\":\"https:\/\/www.crocimario.com\/es\/contacto\/\",\"url\":\"https:\/\/www.crocimario.com\/es\/contacto\/\",\"name\":\"Contacto - Croci Mario\",\"isPartOf\":{\"@id\":\"https:\/\/www.crocimario.com\/es\/#website\"},\"datePublished\":\"2024-09-09T07:32:06+00:00\",\"dateModified\":\"2024-09-16T05:57:33+00:00\",\"description\":\"\u00bfBuscas m\u00e1quinas para la producci\u00f3n de prefabricados de hormig\u00f3n, mezcladoras y centrales de producci\u00f3n de hormig\u00f3n? \u00a1Contacta con nosotros y solicita presupuesto!\",\"breadcrumb\":{\"@id\":\"https:\/\/www.crocimario.com\/es\/contacto\/#breadcrumb\"},\"inLanguage\":\"es\",\"potentialAction\":[{\"@type\":\"ReadAction\",\"target\":[\"https:\/\/www.crocimario.com\/es\/contacto\/\"]}]},{\"@type\":\"BreadcrumbList\",\"@id\":\"https:\/\/www.crocimario.com\/es\/contacto\/#breadcrumb\",\"itemListElement\":[{\"@type\":\"ListItem\",\"position\":1,\"name\":\"Home\",\"item\":\"https:\/\/www.crocimario.com\/es\/\"},{\"@type\":\"ListItem\",\"position\":2,\"name\":\"Contacto\"}]},{\"@type\":\"WebSite\",\"@id\":\"https:\/\/www.crocimario.com\/es\/#website\",\"url\":\"https:\/\/www.crocimario.com\/es\/\",\"name\":\"Croci Mario\",\"description\":\"\",\"potentialAction\":[{\"@type\":\"SearchAction\",\"target\":{\"@type\":\"EntryPoint\",\"urlTemplate\":\"https:\/\/www.crocimario.com\/es\/?s={search_term_string}\"},\"query-input\":{\"@type\":\"PropertyValueSpecification\",\"valueRequired\":true,\"valueName\":\"search_term_string\"}}],\"inLanguage\":\"es\"}]}<\/script>\n<!-- \/ Yoast SEO plugin. -->","yoast_head_json":{"title":"Contacto - Croci Mario","description":"\u00bfBuscas m\u00e1quinas para la producci\u00f3n de prefabricados de hormig\u00f3n, mezcladoras y centrales de producci\u00f3n de hormig\u00f3n? \u00a1Contacta con nosotros y solicita presupuesto!","robots":{"index":"index","follow":"follow","max-snippet":"max-snippet:-1","max-image-preview":"max-image-preview:large","max-video-preview":"max-video-preview:-1"},"canonical":"https:\/\/www.crocimario.com\/es\/contacto\/","og_locale":"es_ES","og_type":"article","og_title":"Contacto - Croci Mario","og_description":"\u00bfBuscas m\u00e1quinas para la producci\u00f3n de prefabricados de hormig\u00f3n, mezcladoras y centrales de producci\u00f3n de hormig\u00f3n? \u00a1Contacta con nosotros y solicita presupuesto!","og_url":"https:\/\/www.crocimario.com\/es\/contacto\/","og_site_name":"Croci Mario","article_modified_time":"2024-09-16T05:57:33+00:00","twitter_card":"summary_large_image","twitter_misc":{"Tiempo de lectura":"1 minuto"},"schema":{"@context":"https:\/\/schema.org","@graph":[{"@type":"WebPage","@id":"https:\/\/www.crocimario.com\/es\/contacto\/","url":"https:\/\/www.crocimario.com\/es\/contacto\/","name":"Contacto - Croci Mario","isPartOf":{"@id":"https:\/\/www.crocimario.com\/es\/#website"},"datePublished":"2024-09-09T07:32:06+00:00","dateModified":"2024-09-16T05:57:33+00:00","description":"\u00bfBuscas m\u00e1quinas para la producci\u00f3n de prefabricados de hormig\u00f3n, mezcladoras y centrales de producci\u00f3n de hormig\u00f3n? \u00a1Contacta con nosotros y solicita presupuesto!","breadcrumb":{"@id":"https:\/\/www.crocimario.com\/es\/contacto\/#breadcrumb"},"inLanguage":"es","potentialAction":[{"@type":"ReadAction","target":["https:\/\/www.crocimario.com\/es\/contacto\/"]}]},{"@type":"BreadcrumbList","@id":"https:\/\/www.crocimario.com\/es\/contacto\/#breadcrumb","itemListElement":[{"@type":"ListItem","position":1,"name":"Home","item":"https:\/\/www.crocimario.com\/es\/"},{"@type":"ListItem","position":2,"name":"Contacto"}]},{"@type":"WebSite","@id":"https:\/\/www.crocimario.com\/es\/#website","url":"https:\/\/www.crocimario.com\/es\/","name":"Croci Mario","description":"","potentialAction":[{"@type":"SearchAction","target":{"@type":"EntryPoint","urlTemplate":"https:\/\/www.crocimario.com\/es\/?s={search_term_string}"},"query-input":{"@type":"PropertyValueSpecification","valueRequired":true,"valueName":"search_term_string"}}],"inLanguage":"es"}]}},"_links":{"self":[{"href":"https:\/\/www.crocimario.com\/es\/wp-json\/wp\/v2\/pages\/250","targetHints":{"allow":["GET"]}}],"collection":[{"href":"https:\/\/www.crocimario.com\/es\/wp-json\/wp\/v2\/pages"}],"about":[{"href":"https:\/\/www.crocimario.com\/es\/wp-json\/wp\/v2\/types\/page"}],"author":[{"embeddable":true,"href":"https:\/\/www.crocimario.com\/es\/wp-json\/wp\/v2\/users\/1"}],"replies":[{"embeddable":true,"href":"https:\/\/www.crocimario.com\/es\/wp-json\/wp\/v2\/comments?post=250"}],"version-history":[{"count":5,"href":"https:\/\/www.crocimario.com\/es\/wp-json\/wp\/v2\/pages\/250\/revisions"}],"predecessor-version":[{"id":841,"href":"https:\/\/www.crocimario.com\/es\/wp-json\/wp\/v2\/pages\/250\/revisions\/841"}],"wp:attachment":[{"href":"https:\/\/www.crocimario.com\/es\/wp-json\/wp\/v2\/media?parent=250"}],"wp:term":[{"taxonomy":"dipi_cpt_category","embeddable":true,"href":"https:\/\/www.crocimario.com\/es\/wp-json\/wp\/v2\/dipi_cpt_category?post=250"}],"curies":[{"name":"wp","href":"https:\/\/api.w.org\/{rel}","templated":true}]}}